{"id":608,"date":"2019-06-21T07:28:01","date_gmt":"2019-06-21T05:28:01","guid":{"rendered":"https:\/\/lyrawellbeinglu-a7f6fwfwehh3g7fu.switzerlandnorth-01.azurewebsites.net\/?post_type=product&#038;p=608"},"modified":"2021-12-14T11:06:35","modified_gmt":"2021-12-14T10:06:35","slug":"mitarbeitereinfuhrung-per-webinar","status":"publish","type":"product","link":"https:\/\/www.lyrawellbeing.lu\/de\/shop\/produkte-eap-shop-line\/eap-pure-budget\/mitarbeitereinfuhrung-per-webinar\/","title":{"rendered":"Mitarbeitereinf\u00fchrung per Webinar"},"content":{"rendered":"","protected":false},"excerpt":{"rendered":"<p>Auf Wunsch k\u00f6nnen Sie eine Einf\u00fchrung Ihrer Mitarbeiter per Skype dazu buchen. Wir vereinbaren einen Termin mit Ihnen<\/p>\n","protected":false},"featured_media":4949,"template":"","meta":[],"product_brand":[],"product_cat":[24,68,66,19],"product_tag":[],"class_list":{"0":"post-608","1":"product","2":"type-product","3":"status-publish","4":"has-post-thumbnail","6":"product_cat-add-ons","7":"product_cat-eap-pure-all","8":"product_cat-eap-pure-budget","9":"product_cat-produkte-eap-shop-line","11":"first","12":"instock","13":"taxable","14":"shipping-taxable","15":"purchasable","16":"product-type-simple"},"yoast_head":"<!-- This site is optimized with the Yoast SEO plugin v25.8 - https:\/\/yoast.com\/wordpress\/plugins\/seo\/ -->\n<title>Mitarbeitereinf\u00fchrung per Webinar - Lyra Luxembourg<\/title>\n<meta name=\"robots\" content=\"index, follow, max-snippet:-1, max-image-preview:large, max-video-preview:-1\" \/>\n<link rel=\"canonical\" href=\"https:\/\/www.lyrawellbeing.lu\/de\/shop\/produkte-eap-shop-line\/eap-pure-budget\/mitarbeitereinfuhrung-per-webinar\/\" \/>\n<meta property=\"og:locale\" content=\"de_DE\" \/>\n<meta property=\"og:type\" content=\"article\" \/>\n<meta property=\"og:title\" content=\"Mitarbeitereinf\u00fchrung per Webinar - Lyra Luxembourg\" \/>\n<meta property=\"og:description\" content=\"Auf Wunsch k\u00f6nnen Sie eine Einf\u00fchrung Ihrer Mitarbeiter per Skype dazu buchen. Wir vereinbaren einen Termin mit Ihnen\" \/>\n<meta property=\"og:url\" content=\"https:\/\/www.lyrawellbeing.lu\/de\/shop\/produkte-eap-shop-line\/eap-pure-budget\/mitarbeitereinfuhrung-per-webinar\/\" \/>\n<meta property=\"og:site_name\" content=\"Lyra Luxembourg\" \/>\n<meta property=\"article:modified_time\" content=\"2021-12-14T10:06:35+00:00\" \/>\n<meta property=\"og:image\" content=\"https:\/\/www.lyrawellbeing.lu\/wp-content\/uploads\/2019\/06\/webinar-300x300-1.webp\" \/>\n\t<meta property=\"og:image:width\" content=\"300\" \/>\n\t<meta property=\"og:image:height\" content=\"300\" \/>\n\t<meta property=\"og:image:type\" content=\"image\/webp\" \/>\n<meta name=\"twitter:card\" content=\"summary_large_image\" \/>\n<script type=\"application\/ld+json\" class=\"yoast-schema-graph\">{\"@context\":\"https:\/\/schema.org\",\"@graph\":[{\"@type\":\"WebPage\",\"@id\":\"https:\/\/www.lyrawellbeing.lu\/de\/shop\/produkte-eap-shop-line\/eap-pure-budget\/mitarbeitereinfuhrung-per-webinar\/\",\"url\":\"https:\/\/www.lyrawellbeing.lu\/de\/shop\/produkte-eap-shop-line\/eap-pure-budget\/mitarbeitereinfuhrung-per-webinar\/\",\"name\":\"Mitarbeitereinf\u00fchrung per Webinar - Lyra Luxembourg\",\"isPartOf\":{\"@id\":\"https:\/\/lyrawellbeing.lu\/en\/#website\"},\"primaryImageOfPage\":{\"@id\":\"https:\/\/www.lyrawellbeing.lu\/de\/shop\/produkte-eap-shop-line\/eap-pure-budget\/mitarbeitereinfuhrung-per-webinar\/#primaryimage\"},\"image\":{\"@id\":\"https:\/\/www.lyrawellbeing.lu\/de\/shop\/produkte-eap-shop-line\/eap-pure-budget\/mitarbeitereinfuhrung-per-webinar\/#primaryimage\"},\"thumbnailUrl\":\"\/wp-content\/uploads\/2019\/06\/webinar-300x300-1.webp\",\"datePublished\":\"2019-06-21T05:28:01+00:00\",\"dateModified\":\"2021-12-14T10:06:35+00:00\",\"breadcrumb\":{\"@id\":\"https:\/\/www.lyrawellbeing.lu\/de\/shop\/produkte-eap-shop-line\/eap-pure-budget\/mitarbeitereinfuhrung-per-webinar\/#breadcrumb\"},\"inLanguage\":\"de\",\"potentialAction\":[{\"@type\":\"ReadAction\",\"target\":[\"https:\/\/www.lyrawellbeing.lu\/de\/shop\/produkte-eap-shop-line\/eap-pure-budget\/mitarbeitereinfuhrung-per-webinar\/\"]}]},{\"@type\":\"ImageObject\",\"inLanguage\":\"de\",\"@id\":\"https:\/\/www.lyrawellbeing.lu\/de\/shop\/produkte-eap-shop-line\/eap-pure-budget\/mitarbeitereinfuhrung-per-webinar\/#primaryimage\",\"url\":\"\/wp-content\/uploads\/2019\/06\/webinar-300x300-1.webp\",\"contentUrl\":\"\/wp-content\/uploads\/2019\/06\/webinar-300x300-1.webp\",\"width\":300,\"height\":300},{\"@type\":\"BreadcrumbList\",\"@id\":\"https:\/\/www.lyrawellbeing.lu\/de\/shop\/produkte-eap-shop-line\/eap-pure-budget\/mitarbeitereinfuhrung-per-webinar\/#breadcrumb\",\"itemListElement\":[{\"@type\":\"ListItem\",\"position\":1,\"name\":\"Home\",\"item\":\"https:\/\/lyrawellbeing.lu\/de\/externe-mitarbeiterberatung\/\"},{\"@type\":\"ListItem\",\"position\":2,\"name\":\"Shop\",\"item\":\"https:\/\/lyrawellbeing.lu\/de\/shop\/\"},{\"@type\":\"ListItem\",\"position\":3,\"name\":\"Mitarbeitereinf\u00fchrung per Webinar\"}]},{\"@type\":\"WebSite\",\"@id\":\"https:\/\/lyrawellbeing.lu\/en\/#website\",\"url\":\"https:\/\/lyrawellbeing.lu\/en\/\",\"name\":\"Lyra Luxembourg\",\"description\":\"\",\"publisher\":{\"@id\":\"https:\/\/lyrawellbeing.lu\/en\/#organization\"},\"potentialAction\":[{\"@type\":\"SearchAction\",\"target\":{\"@type\":\"EntryPoint\",\"urlTemplate\":\"https:\/\/lyrawellbeing.lu\/en\/?s={search_term_string}\"},\"query-input\":{\"@type\":\"PropertyValueSpecification\",\"valueRequired\":true,\"valueName\":\"search_term_string\"}}],\"inLanguage\":\"de\"},{\"@type\":\"Organization\",\"@id\":\"https:\/\/lyrawellbeing.lu\/en\/#organization\",\"name\":\"Lyra Luxembourg\",\"url\":\"https:\/\/lyrawellbeing.lu\/en\/\",\"logo\":{\"@type\":\"ImageObject\",\"inLanguage\":\"de\",\"@id\":\"https:\/\/lyrawellbeing.lu\/en\/#\/schema\/logo\/image\/\",\"url\":\"\/wp-content\/uploads\/2025\/07\/LyraLuxembourg_Teal_340x156px.png\",\"contentUrl\":\"\/wp-content\/uploads\/2025\/07\/LyraLuxembourg_Teal_340x156px.png\",\"width\":1360,\"height\":624,\"caption\":\"Lyra Luxembourg\"},\"image\":{\"@id\":\"https:\/\/lyrawellbeing.lu\/en\/#\/schema\/logo\/image\/\"}}]}<\/script>\n<!-- \/ Yoast SEO plugin. -->","yoast_head_json":{"title":"Mitarbeitereinf\u00fchrung per Webinar - Lyra Luxembourg","robots":{"index":"index","follow":"follow","max-snippet":"max-snippet:-1","max-image-preview":"max-image-preview:large","max-video-preview":"max-video-preview:-1"},"canonical":"https:\/\/www.lyrawellbeing.lu\/de\/shop\/produkte-eap-shop-line\/eap-pure-budget\/mitarbeitereinfuhrung-per-webinar\/","og_locale":"de_DE","og_type":"article","og_title":"Mitarbeitereinf\u00fchrung per Webinar - Lyra Luxembourg","og_description":"Auf Wunsch k\u00f6nnen Sie eine Einf\u00fchrung Ihrer Mitarbeiter per Skype dazu buchen. Wir vereinbaren einen Termin mit Ihnen","og_url":"https:\/\/www.lyrawellbeing.lu\/de\/shop\/produkte-eap-shop-line\/eap-pure-budget\/mitarbeitereinfuhrung-per-webinar\/","og_site_name":"Lyra Luxembourg","article_modified_time":"2021-12-14T10:06:35+00:00","og_image":[{"width":300,"height":300,"url":"https:\/\/www.lyrawellbeing.lu\/wp-content\/uploads\/2019\/06\/webinar-300x300-1.webp","type":"image\/webp"}],"twitter_card":"summary_large_image","schema":{"@context":"https:\/\/schema.org","@graph":[{"@type":"WebPage","@id":"https:\/\/www.lyrawellbeing.lu\/de\/shop\/produkte-eap-shop-line\/eap-pure-budget\/mitarbeitereinfuhrung-per-webinar\/","url":"https:\/\/www.lyrawellbeing.lu\/de\/shop\/produkte-eap-shop-line\/eap-pure-budget\/mitarbeitereinfuhrung-per-webinar\/","name":"Mitarbeitereinf\u00fchrung per Webinar - Lyra Luxembourg","isPartOf":{"@id":"https:\/\/lyrawellbeing.lu\/en\/#website"},"primaryImageOfPage":{"@id":"https:\/\/www.lyrawellbeing.lu\/de\/shop\/produkte-eap-shop-line\/eap-pure-budget\/mitarbeitereinfuhrung-per-webinar\/#primaryimage"},"image":{"@id":"https:\/\/www.lyrawellbeing.lu\/de\/shop\/produkte-eap-shop-line\/eap-pure-budget\/mitarbeitereinfuhrung-per-webinar\/#primaryimage"},"thumbnailUrl":"\/wp-content\/uploads\/2019\/06\/webinar-300x300-1.webp","datePublished":"2019-06-21T05:28:01+00:00","dateModified":"2021-12-14T10:06:35+00:00","breadcrumb":{"@id":"https:\/\/www.lyrawellbeing.lu\/de\/shop\/produkte-eap-shop-line\/eap-pure-budget\/mitarbeitereinfuhrung-per-webinar\/#breadcrumb"},"inLanguage":"de","potentialAction":[{"@type":"ReadAction","target":["https:\/\/www.lyrawellbeing.lu\/de\/shop\/produkte-eap-shop-line\/eap-pure-budget\/mitarbeitereinfuhrung-per-webinar\/"]}]},{"@type":"ImageObject","inLanguage":"de","@id":"https:\/\/www.lyrawellbeing.lu\/de\/shop\/produkte-eap-shop-line\/eap-pure-budget\/mitarbeitereinfuhrung-per-webinar\/#primaryimage","url":"\/wp-content\/uploads\/2019\/06\/webinar-300x300-1.webp","contentUrl":"\/wp-content\/uploads\/2019\/06\/webinar-300x300-1.webp","width":300,"height":300},{"@type":"BreadcrumbList","@id":"https:\/\/www.lyrawellbeing.lu\/de\/shop\/produkte-eap-shop-line\/eap-pure-budget\/mitarbeitereinfuhrung-per-webinar\/#breadcrumb","itemListElement":[{"@type":"ListItem","position":1,"name":"Home","item":"https:\/\/lyrawellbeing.lu\/de\/externe-mitarbeiterberatung\/"},{"@type":"ListItem","position":2,"name":"Shop","item":"https:\/\/lyrawellbeing.lu\/de\/shop\/"},{"@type":"ListItem","position":3,"name":"Mitarbeitereinf\u00fchrung per Webinar"}]},{"@type":"WebSite","@id":"https:\/\/lyrawellbeing.lu\/en\/#website","url":"https:\/\/lyrawellbeing.lu\/en\/","name":"Lyra Luxembourg","description":"","publisher":{"@id":"https:\/\/lyrawellbeing.lu\/en\/#organization"},"potentialAction":[{"@type":"SearchAction","target":{"@type":"EntryPoint","urlTemplate":"https:\/\/lyrawellbeing.lu\/en\/?s={search_term_string}"},"query-input":{"@type":"PropertyValueSpecification","valueRequired":true,"valueName":"search_term_string"}}],"inLanguage":"de"},{"@type":"Organization","@id":"https:\/\/lyrawellbeing.lu\/en\/#organization","name":"Lyra Luxembourg","url":"https:\/\/lyrawellbeing.lu\/en\/","logo":{"@type":"ImageObject","inLanguage":"de","@id":"https:\/\/lyrawellbeing.lu\/en\/#\/schema\/logo\/image\/","url":"\/wp-content\/uploads\/2025\/07\/LyraLuxembourg_Teal_340x156px.png","contentUrl":"\/wp-content\/uploads\/2025\/07\/LyraLuxembourg_Teal_340x156px.png","width":1360,"height":624,"caption":"Lyra Luxembourg"},"image":{"@id":"https:\/\/lyrawellbeing.lu\/en\/#\/schema\/logo\/image\/"}}]}},"_links":{"self":[{"href":"https:\/\/www.lyrawellbeing.lu\/de\/wp-json\/wp\/v2\/product\/608"}],"collection":[{"href":"https:\/\/www.lyrawellbeing.lu\/de\/wp-json\/wp\/v2\/product"}],"about":[{"href":"https:\/\/www.lyrawellbeing.lu\/de\/wp-json\/wp\/v2\/types\/product"}],"wp:featuredmedia":[{"embeddable":true,"href":"https:\/\/www.lyrawellbeing.lu\/de\/wp-json\/wp\/v2\/media\/4949"}],"wp:attachment":[{"href":"https:\/\/www.lyrawellbeing.lu\/de\/wp-json\/wp\/v2\/media?parent=608"}],"wp:term":[{"taxonomy":"product_brand","embeddable":true,"href":"https:\/\/www.lyrawellbeing.lu\/de\/wp-json\/wp\/v2\/product_brand?post=608"},{"taxonomy":"product_cat","embeddable":true,"href":"https:\/\/www.lyrawellbeing.lu\/de\/wp-json\/wp\/v2\/product_cat?post=608"},{"taxonomy":"product_tag","embeddable":true,"href":"https:\/\/www.lyrawellbeing.lu\/de\/wp-json\/wp\/v2\/product_tag?post=608"}],"curies":[{"name":"wp","href":"https:\/\/api.w.org\/{rel}","templated":true}]}}